{"id":207,"date":"2021-05-22T04:10:45","date_gmt":"2021-05-22T02:10:45","guid":{"rendered":"https:\/\/cantinelovetere.fr\/?page_id=207"},"modified":"2024-05-10T19:27:46","modified_gmt":"2024-05-10T17:27:46","slug":"le-bar","status":"publish","type":"page","link":"https:\/\/cantinelovetere.fr\/index.php\/le-bar\/","title":{"rendered":"Le Bar"},"content":{"rendered":"\n<p class=\"has-vivid-red-color has-text-color has-large-font-size\">Les Ap\u00e9ritifs<\/p>\n\n\n\n<div class=\"wp-block-group\"><div class=\"wp-block-group__inner-container is-layout-flow wp-block-group-is-layout-flow\">\n<div class=\"wp-block-columns is-layout-flex wp-container-core-columns-is-layout-9d6595d7 wp-block-columns-is-layout-flex\">\n<div class=\"wp-block-column is-layout-flow wp-block-column-is-layout-flow\">\n<p>Spritz &#8230;.. 6,50 \u20ac<br>Kir (cassis, p\u00eache ou m\u00fbre) &#8230;.. 4,00 \u20ac<br>Kir Royal &#8230;.. 8,00 \u20ac<br>Campari &#8230;.. 3,50 \u20ac<br>Campari orange &#8230;.. 5,50 \u20ac<br>Sangria &#8230;.. 3,50 \u20ac<br>Ricard &#8230;.. 3,50 \u20ac<br>Martini (blanc ou rouge) &#8230;.. 3,50 \u20ac<br>Marsala &#8230;.. 3,50 \u20ac<br>Marsala aux Amandes &#8230;.. 3,50 \u20ac<br>Cremovo (Marsala aux \u0153ufs) &#8230;.. 3,50 \u20ac<br>Porto &#8230;.. 3,50 \u20ac<br>Muscat &#8230;.. 4,00 \u20ac<br>Americano &#8230;.. 8,00 \u20ac<br>Rhum-coca &#8230;.. 6,00 \u20ac<br>Clan Campbell &#8230;.. 4,00 \u20ac<\/p>\n<\/div>\n\n\n\n<div class=\"wp-block-column is-layout-flow wp-block-column-is-layout-flow\">\n<p>Ballantine &#8230;.. 4,50 \u20ac<br>Nikka Coffey Grain (Whisky japonais) &#8230;.. 10,00 \u20ac<br>Jack Daniel&rsquo;s &#8230;.. 5,00 \u20ac<br>Jack Daniel&rsquo;s Honey &#8230;.. 5,50 \u20ac<br>Jack Daniel&rsquo;s Fire &#8230;.. 5,50 \u20ac<br>Jack Daniel&rsquo;s Apple &#8230;.. 5,50 \u20ac<br>Jack Daniel&rsquo;s Rye &#8230;.. 6,00 \u20ac<br>Jack Daniel&rsquo;s Gentleman &#8230;.. 6,00 \u20ac<br>Jack Daniel&rsquo;s Single Barrel &#8230;.. 7,00 \u20ac<br>Baby &#8230;.. 2,00 \u20ac<br>Baby-coca &#8230;.. 4,00 \u20ac<br>Whisky-coca &#8230;.. 6,00 \u20ac<br>Gin-tonic &#8230;.. 5,50 \u20ac<br>Vodka &#8230;.. 5,50 \u20ac<br>Coupe de Champagne &#8230;.. 8,00 \u20ac<\/p>\n<\/div>\n<\/div>\n<\/div><\/div>\n\n\n\n<p class=\"has-vivid-red-color has-text-color has-large-font-size\">Les Bi\u00e8res &amp; Les Digestifs<\/p>\n\n\n\n<div class=\"wp-block-group\"><div class=\"wp-block-group__inner-container is-layout-flow wp-block-group-is-layout-flow\">\n<div class=\"wp-block-columns is-layout-flex wp-container-core-columns-is-layout-9d6595d7 wp-block-columns-is-layout-flex\">\n<div class=\"wp-block-column is-layout-flow wp-block-column-is-layout-flow\">\n<p>Moretti 33 cl &#8230;.. 4,00 \u20ac<br>Semedorato (Blonde) 33 cl &#8230;.. 4,50 \u20ac<br>Semerossa (Double malt) 33 cl &#8230;.. 6,00 \u20ac<br>Himera (Artisanal non filtr\u00e9e) 33 cl &#8230;.. 7,00 \u20ac<br>Ichnusa (Bi\u00e9re Sarde) 33 cl &#8230;.. 5,50 \u20ac<br>FLEA Bianca Lancia blanche 33 cl &#8230;.. 7,00 \u20ac<br>1664 sans alcool &#8230;.. 3,50 \u20ac<br>Panach\u00e9, Monaco 25 cl &#8230;.. 3,50 \u20ac<br>\u201c1664\u201d 25 cl &#8230;.. 3,50 \u20ac<br>\u201c1664\u201d 50 cl &#8230;.. 6,50 \u20ac<br>Grimbergen ambr\u00e9e 25 cl &#8230;.. 4,50 \u20ac<br>Grimbergen ambr\u00e9e 50 cl &#8230;.. 8,50 \u20ac<\/p>\n<\/div>\n\n\n\n<div class=\"wp-block-column is-layout-flow wp-block-column-is-layout-flow\">\n<p>Grappa (blanche, barrique) &#8230;.. 4,50 \u20ac<br>Limoncello &#8230;.. 4,00 \u20ac<br>Manzana &#8230;.. 4,00 \u20ac<br>Armagnac &#8230;.. 4,50 \u20ac<br>Cognac &#8230;.. 4,50 \u20ac<br>Calvados &#8230;.. 4,50 \u20ac<br>Vecchia Romagna &#8230;.. 4,50 \u20ac<br>Get 27 &#8230;.. 4,00 \u20ac<br>Sambuca &#8230;.. 4,00 \u20ac<br>Jagermeister &#8230;.. 4,50 \u20ac<br>Amaro Averna &#8230;.. 4,50 \u20ac<br>Amaro del Capo &#8230;.. 4,50 \u20ac<br>Amaretto di Saronno &#8230;.. 4,50 \u20ac<\/p>\n<\/div>\n<\/div>\n<\/div><\/div>\n\n\n\n<p class=\"has-vivid-red-color has-text-color has-large-font-size\">Les Eaux, les Sodas &amp; les Boissons chaudes<\/p>\n\n\n\n<div class=\"wp-block-group\"><div class=\"wp-block-group__inner-container is-layout-flow wp-block-group-is-layout-flow\">\n<div class=\"wp-block-columns is-layout-flex wp-container-core-columns-is-layout-9d6595d7 wp-block-columns-is-layout-flex\">\n<div class=\"wp-block-column is-layout-flow wp-block-column-is-layout-flow\">\n<p>Vittel 50 cl &#8230;.. 3,00 \u20ac<br>Font d\u2019Or 100 cl &#8230;.. 4,50 \u20ac<br>San Pellegrino 50 cl &#8230;.. 3,00 \u20ac<br>San Pellegrino 100 cl &#8230;.. 4,50 \u20ac<br>Perrier 33 cl &#8230;.. 3,50 \u20ac<br>Jus de fruits (orange, pomme, ananas, tomate) &#8230;.. 3,50 \u20ac<br>Sirop: p\u00eache, citron, grenadine, menthe, fraise &#8230;.. 1,50 \u20ac<br>Diabolo: p\u00eache, citron, grenadine,<br>menthe, fraise &#8230;.. 3,00 \u20ac<br>Sodas : Coca Cola, Coca Cola Zero, Orangina, Fuztea, Oasis, Sprite &#8230;.. 3,50 \u20ac<\/p>\n<\/div>\n\n\n\n<div class=\"wp-block-column is-layout-flow wp-block-column-is-layout-flow\">\n<p>Caf\u00e9 &#8230;.. 2,00 \u20ac<br>Caf\u00e9 au lait &#8230;.. 3,50 \u20ac<br>Cappuccino &#8230;.. 3,50 \u20ac<br>D\u00e9caf\u00e9in\u00e9 &#8230;.. 2,50 \u20ac<br>Noisette &#8230;.. 2,50 \u20ac<br>Th\u00e9, Tisane &#8230;.. 2,50 \u20ac<\/p>\n<\/div>\n<\/div>\n<\/div><\/div>\n\n\n\n<p><\/p>\n","protected":false},"excerpt":{"rendered":"<p>Les Ap\u00e9ritifs Spritz &#8230;.. 6,50 \u20acKir (cassis, p\u00eache ou m\u00fbre) &#8230;.. 4,00 \u20acKir Royal &#8230;.. 8,00 \u20acCampari &#8230;.. 3,50 \u20acCampari orange &#8230;.. 5,50 \u20acSangria &#8230;.. 3,50 \u20acRicard &#8230;.. 3,50 \u20acMartini (blanc ou rouge) &#8230;.. 3,50 \u20acMarsala &#8230;.. 3,50 \u20acMarsala aux Amandes &#8230;.. 3,50 \u20acCremovo (Marsala aux \u0153ufs) &#8230;.. 3,50 \u20acPorto &#8230;.. 3,50 \u20acMuscat &#8230;.. 4,00 [&hellip;]<\/p>\n","protected":false},"author":1,"featured_media":0,"parent":0,"menu_order":0,"comment_status":"closed","ping_status":"closed","template":"","meta":{"om_disable_all_campaigns":false,"_monsterinsights_skip_tracking":false,"_monsterinsights_sitenote_active":false,"_monsterinsights_sitenote_note":"","_monsterinsights_sitenote_category":0,"footnotes":""},"class_list":["post-207","page","type-page","status-publish","hentry"],"aioseo_notices":[],"jetpack_sharing_enabled":true,"_links":{"self":[{"href":"https:\/\/cantinelovetere.fr\/index.php\/wp-json\/wp\/v2\/pages\/207","targetHints":{"allow":["GET"]}}],"collection":[{"href":"https:\/\/cantinelovetere.fr\/index.php\/wp-json\/wp\/v2\/pages"}],"about":[{"href":"https:\/\/cantinelovetere.fr\/index.php\/wp-json\/wp\/v2\/types\/page"}],"author":[{"embeddable":true,"href":"https:\/\/cantinelovetere.fr\/index.php\/wp-json\/wp\/v2\/users\/1"}],"replies":[{"embeddable":true,"href":"https:\/\/cantinelovetere.fr\/index.php\/wp-json\/wp\/v2\/comments?post=207"}],"version-history":[{"count":10,"href":"https:\/\/cantinelovetere.fr\/index.php\/wp-json\/wp\/v2\/pages\/207\/revisions"}],"predecessor-version":[{"id":586,"href":"https:\/\/cantinelovetere.fr\/index.php\/wp-json\/wp\/v2\/pages\/207\/revisions\/586"}],"wp:attachment":[{"href":"https:\/\/cantinelovetere.fr\/index.php\/wp-json\/wp\/v2\/media?parent=207"}],"curies":[{"name":"wp","href":"https:\/\/api.w.org\/{rel}","templated":true}]}}