{"id":2,"date":"2021-05-10T21:29:00","date_gmt":"2021-05-10T19:29:00","guid":{"rendered":"http:\/\/cantinelovetere.fr\/?page_id=2"},"modified":"2025-03-20T10:20:14","modified_gmt":"2025-03-20T09:20:14","slug":"les-pizzas","status":"publish","type":"page","link":"https:\/\/cantinelovetere.fr\/index.php\/les-pizzas\/","title":{"rendered":"Les Pizzas"},"content":{"rendered":"\n<div class=\"wp-block-group\"><div class=\"wp-block-group__inner-container is-layout-flow wp-block-group-is-layout-flow\">\n<div class=\"wp-block-columns is-layout-flex wp-container-core-columns-is-layout-9d6595d7 wp-block-columns-is-layout-flex\">\n<div class=\"wp-block-column is-layout-flow wp-block-column-is-layout-flow\">\n<div class=\"wp-block-buttons is-layout-flex wp-block-buttons-is-layout-flex\">\n<div class=\"wp-block-button\"><a class=\"wp-block-button__link has-vivid-red-background-color has-background wp-element-button\" href=\"https:\/\/cantinelovetere.fr\/index.php\/les-menus\/\">Les Menus<\/a><\/div>\n<\/div>\n<\/div>\n\n\n\n<div class=\"wp-block-column is-layout-flow wp-block-column-is-layout-flow\">\n<div class=\"wp-block-buttons is-horizontal is-content-justification-right is-layout-flex wp-container-core-buttons-is-layout-ae2fe186 wp-block-buttons-is-layout-flex\">\n<div class=\"wp-block-button\"><a class=\"wp-block-button__link has-vivid-red-background-color has-background wp-element-button\" href=\"https:\/\/cantinelovetere.fr\/index.php\/les-boissons\/\">Les Boissons<\/a><\/div>\n<\/div>\n<\/div>\n<\/div>\n<\/div><\/div>\n\n\n\n<p class=\"has-vivid-red-color has-text-color has-medium-font-size\"><strong>Choisissez votre p\u00e2te \u00e0 pizza&nbsp;: CLASSIQUE ou aux GRAINES<\/strong><\/p>\n\n\n\n<div class=\"wp-block-group\"><div class=\"wp-block-group__inner-container is-layout-flow wp-block-group-is-layout-flow\">\n<div class=\"wp-block-columns is-layout-flex wp-container-core-columns-is-layout-9d6595d7 wp-block-columns-is-layout-flex\">\n<div class=\"wp-block-column is-layout-flow wp-block-column-is-layout-flow\">\n<p class=\"has-text-align-left has-medium-font-size\"><strong>Margherita   9,00\u20ac<\/strong><\/p>\n\n\n<div class=\"wp-block-image is-style-rounded\">\n<figure class=\"aligncenter size-large is-resized\"><img loading=\"lazy\" decoding=\"async\" width=\"500\" height=\"375\" src=\"https:\/\/cantinelovetere.fr\/wp-content\/uploads\/2021\/05\/Margherita_small-1.jpg\" alt=\"\" class=\"wp-image-70\" style=\"width:375px;height:281px\" srcset=\"https:\/\/cantinelovetere.fr\/wp-content\/uploads\/2021\/05\/Margherita_small-1.jpg 500w, https:\/\/cantinelovetere.fr\/wp-content\/uploads\/2021\/05\/Margherita_small-1-300x225.jpg 300w\" sizes=\"auto, (max-width: 500px) 100vw, 500px\" \/><figcaption class=\"wp-element-caption\">Tomate, Mozzarella Fior di Latte, Basilic, Huile d&rsquo;Olive extra vierge de Sicile<\/figcaption><\/figure>\n<\/div>\n\n\n<p class=\"has-medium-font-size\"><strong>Giuseppe   11,00\u20ac<\/strong><\/p>\n\n\n<div class=\"wp-block-image is-style-rounded\">\n<figure class=\"aligncenter size-large is-resized\"><img loading=\"lazy\" decoding=\"async\" width=\"500\" height=\"375\" src=\"https:\/\/cantinelovetere.fr\/wp-content\/uploads\/2021\/05\/Giuseppe_small.jpg\" alt=\"\" class=\"wp-image-90\" style=\"width:375px;height:281px\" srcset=\"https:\/\/cantinelovetere.fr\/wp-content\/uploads\/2021\/05\/Giuseppe_small.jpg 500w, https:\/\/cantinelovetere.fr\/wp-content\/uploads\/2021\/05\/Giuseppe_small-300x225.jpg 300w\" sizes=\"auto, (max-width: 500px) 100vw, 500px\" \/><figcaption class=\"wp-element-caption\">Tomate, Mozzarella Fior di Latte, Olives, Oignons, Anchois, Origan, Huile d&rsquo;Olive  extra vierge de Sicile <\/figcaption><\/figure>\n<\/div>\n\n\n<p class=\"has-medium-font-size\"><strong>Lucifer<\/strong>   <strong>11,00\u20ac<\/strong><\/p>\n\n\n<div class=\"wp-block-image is-style-rounded\">\n<figure class=\"aligncenter size-large is-resized\"><img loading=\"lazy\" decoding=\"async\" width=\"500\" height=\"375\" src=\"https:\/\/cantinelovetere.fr\/wp-content\/uploads\/2021\/05\/Lucifer_small.jpg\" alt=\"\" class=\"wp-image-93\" style=\"width:375px;height:281px\" srcset=\"https:\/\/cantinelovetere.fr\/wp-content\/uploads\/2021\/05\/Lucifer_small.jpg 500w, https:\/\/cantinelovetere.fr\/wp-content\/uploads\/2021\/05\/Lucifer_small-300x225.jpg 300w\" sizes=\"auto, (max-width: 500px) 100vw, 500px\" \/><figcaption class=\"wp-element-caption\">Tomate, Mozzarella Fior di Latte, Spianata Calabrese (saucisson piquant), Piment, Origan, Huile d&rsquo;Olive  extra vierge de Sicile <\/figcaption><\/figure>\n<\/div>\n\n\n<p class=\"has-medium-font-size\"><strong>Elsa<\/strong> <strong>12,00\u20ac<\/strong><\/p>\n\n\n<div class=\"wp-block-image is-style-rounded\">\n<figure class=\"aligncenter size-large is-resized\"><img loading=\"lazy\" decoding=\"async\" width=\"500\" height=\"375\" src=\"https:\/\/cantinelovetere.fr\/wp-content\/uploads\/2021\/05\/Elsa_small.jpg\" alt=\"\" class=\"wp-image-94\" style=\"width:375px;height:281px\" srcset=\"https:\/\/cantinelovetere.fr\/wp-content\/uploads\/2021\/05\/Elsa_small.jpg 500w, https:\/\/cantinelovetere.fr\/wp-content\/uploads\/2021\/05\/Elsa_small-300x225.jpg 300w\" sizes=\"auto, (max-width: 500px) 100vw, 500px\" \/><figcaption class=\"wp-element-caption\">Tomate, Mozzarella Fior di Latte, Jambon blanc, Champignons, Origan, Huile d&rsquo;Olive  extra vierge de Sicile <\/figcaption><\/figure>\n<\/div>\n\n\n<p class=\"has-medium-font-size\"><strong>Maya<\/strong> <strong>12,00\u20ac<\/strong><\/p>\n\n\n<div class=\"wp-block-image is-style-rounded\">\n<figure class=\"aligncenter size-large is-resized\"><img loading=\"lazy\" decoding=\"async\" width=\"500\" height=\"375\" src=\"https:\/\/cantinelovetere.fr\/wp-content\/uploads\/2021\/05\/Maya_small.jpg\" alt=\"\" class=\"wp-image-97\" style=\"width:375px;height:281px\" srcset=\"https:\/\/cantinelovetere.fr\/wp-content\/uploads\/2021\/05\/Maya_small.jpg 500w, https:\/\/cantinelovetere.fr\/wp-content\/uploads\/2021\/05\/Maya_small-300x225.jpg 300w\" sizes=\"auto, (max-width: 500px) 100vw, 500px\" \/><figcaption class=\"wp-element-caption\">Tomate, Mozzarella Fior di Latte, Fromage de Ch\u00e8vre, Poires, Miel<\/figcaption><\/figure>\n<\/div>\n\n\n<p class=\"has-medium-font-size\"><strong>Calzone<\/strong> <strong>13,00\u20ac<\/strong><\/p>\n\n\n<div class=\"wp-block-image is-style-rounded\">\n<figure class=\"aligncenter size-large is-resized\"><img loading=\"lazy\" decoding=\"async\" width=\"500\" height=\"375\" src=\"https:\/\/cantinelovetere.fr\/wp-content\/uploads\/2021\/05\/Calzone_small.jpg\" alt=\"\" class=\"wp-image-98\" style=\"width:375px;height:281px\" srcset=\"https:\/\/cantinelovetere.fr\/wp-content\/uploads\/2021\/05\/Calzone_small.jpg 500w, https:\/\/cantinelovetere.fr\/wp-content\/uploads\/2021\/05\/Calzone_small-300x225.jpg 300w\" sizes=\"auto, (max-width: 500px) 100vw, 500px\" \/><figcaption class=\"wp-element-caption\">Tomate, Mozzarella Fior di Latte, Jambon blanc, Champignons, \u0152uf dur, Origan, Huile d&rsquo;Olive  extra vierge de Sicile <\/figcaption><\/figure>\n<\/div>\n\n\n<p class=\"has-medium-font-size\"><strong>Caterina<\/strong> <strong>13,00\u20ac<\/strong><\/p>\n\n\n<div class=\"wp-block-image is-style-rounded\">\n<figure class=\"aligncenter size-large is-resized\"><img loading=\"lazy\" decoding=\"async\" width=\"500\" height=\"375\" src=\"https:\/\/cantinelovetere.fr\/wp-content\/uploads\/2021\/05\/Caterina_small.jpg\" alt=\"\" class=\"wp-image-100\" style=\"width:375px;height:281px\" srcset=\"https:\/\/cantinelovetere.fr\/wp-content\/uploads\/2021\/05\/Caterina_small.jpg 500w, https:\/\/cantinelovetere.fr\/wp-content\/uploads\/2021\/05\/Caterina_small-300x225.jpg 300w\" sizes=\"auto, (max-width: 500px) 100vw, 500px\" \/><figcaption class=\"wp-element-caption\">Tomate, Mozzarella Fior di Latte, Spianata Calabrese (saucisson piquant), Champignons, Olives, Origan, Huile d&rsquo;Olive  extra vierge de Sicile <\/figcaption><\/figure>\n<\/div>\n\n\n<p class=\"has-medium-font-size\"><strong>Ariel<\/strong>   <strong>12,00\u20ac<\/strong><\/p>\n\n\n<div class=\"wp-block-image is-style-rounded\">\n<figure class=\"aligncenter size-large is-resized\"><img loading=\"lazy\" decoding=\"async\" width=\"500\" height=\"375\" src=\"https:\/\/cantinelovetere.fr\/wp-content\/uploads\/2021\/05\/Ariel_small-1.jpg\" alt=\"\" class=\"wp-image-108\" style=\"width:375px;height:281px\" srcset=\"https:\/\/cantinelovetere.fr\/wp-content\/uploads\/2021\/05\/Ariel_small-1.jpg 500w, https:\/\/cantinelovetere.fr\/wp-content\/uploads\/2021\/05\/Ariel_small-1-300x225.jpg 300w\" sizes=\"auto, (max-width: 500px) 100vw, 500px\" \/><figcaption class=\"wp-element-caption\">Tomate, Mozzarella Fior di Latte, Courgettes, M\u00e9lange de Fruits de Mer, Surimi, Origan, Huile d&rsquo;Olive  extra vierge de Sicile <\/figcaption><\/figure>\n<\/div>\n\n\n<p class=\"has-medium-font-size\"><strong>Emmanuel<\/strong>   <strong>13,00\u20ac<\/strong><\/p>\n\n\n<div class=\"wp-block-image is-style-rounded\">\n<figure class=\"aligncenter size-large is-resized\"><img loading=\"lazy\" decoding=\"async\" width=\"500\" height=\"375\" src=\"https:\/\/cantinelovetere.fr\/wp-content\/uploads\/2021\/05\/Emmanuel_small.jpg\" alt=\"\" class=\"wp-image-102\" style=\"width:375px;height:281px\" srcset=\"https:\/\/cantinelovetere.fr\/wp-content\/uploads\/2021\/05\/Emmanuel_small.jpg 500w, https:\/\/cantinelovetere.fr\/wp-content\/uploads\/2021\/05\/Emmanuel_small-300x225.jpg 300w\" sizes=\"auto, (max-width: 500px) 100vw, 500px\" \/><figcaption class=\"wp-element-caption\">Mozzarella Fior di Latte, Camembert, Confiture de Cerises noires, Roquette, Cr\u00e8me de Balsamique, Huile d&rsquo;Olive  extra vierge de Sicile <\/figcaption><\/figure>\n<\/div>\n\n\n<p class=\"has-medium-font-size\"><strong>Veronica<\/strong>   <strong>13,00\u20ac<\/strong><\/p>\n\n\n<div class=\"wp-block-image is-style-rounded\">\n<figure class=\"aligncenter size-large is-resized\"><img loading=\"lazy\" decoding=\"async\" width=\"500\" height=\"375\" src=\"https:\/\/cantinelovetere.fr\/wp-content\/uploads\/2021\/05\/Veronica_small.jpg\" alt=\"\" class=\"wp-image-104\" style=\"width:375px;height:281px\" srcset=\"https:\/\/cantinelovetere.fr\/wp-content\/uploads\/2021\/05\/Veronica_small.jpg 500w, https:\/\/cantinelovetere.fr\/wp-content\/uploads\/2021\/05\/Veronica_small-300x225.jpg 300w\" sizes=\"auto, (max-width: 500px) 100vw, 500px\" \/><figcaption class=\"wp-element-caption\">Tomate, Mozzarella Fior di Latte, Jambon blanc, Champignons, Olives, \u0152uf dur, Artichauts, Origan, Huile d&rsquo;Olive  extra vierge de Sicile <\/figcaption><\/figure>\n<\/div>\n\n\n<p class=\"has-medium-font-size\"><strong>Lou<\/strong>   <strong>14,00\u20ac<\/strong><\/p>\n\n\n<div class=\"wp-block-image is-style-rounded\">\n<figure class=\"aligncenter size-large is-resized\"><img loading=\"lazy\" decoding=\"async\" width=\"500\" height=\"375\" src=\"https:\/\/cantinelovetere.fr\/wp-content\/uploads\/2021\/05\/Lou_small.jpg\" alt=\"\" class=\"wp-image-109\" style=\"width:375px;height:281px\" srcset=\"https:\/\/cantinelovetere.fr\/wp-content\/uploads\/2021\/05\/Lou_small.jpg 500w, https:\/\/cantinelovetere.fr\/wp-content\/uploads\/2021\/05\/Lou_small-300x225.jpg 300w\" sizes=\"auto, (max-width: 500px) 100vw, 500px\" \/><figcaption class=\"wp-element-caption\">Tomate, Mozzarella Fior di Latte, Truite des Pyr\u00e9n\u00e9es, Feta, Roquette, Graines de Chia, Cr\u00e8me de Balsamique, Huile d&rsquo;Olive  extra vierge de Sicile <\/figcaption><\/figure>\n<\/div>\n\n\n<p class=\"has-medium-font-size\"><strong>Angelica<\/strong>   <strong>15,00\u20ac<\/strong><\/p>\n\n\n<div class=\"wp-block-image is-style-rounded\">\n<figure class=\"aligncenter size-large is-resized\"><img loading=\"lazy\" decoding=\"async\" width=\"1024\" height=\"576\" src=\"https:\/\/cantinelovetere.fr\/wp-content\/uploads\/2023\/08\/20230713_135039-1024x576.jpg\" alt=\"\" class=\"wp-image-531\" style=\"width:375px;height:281px\" srcset=\"https:\/\/cantinelovetere.fr\/wp-content\/uploads\/2023\/08\/20230713_135039-1024x576.jpg 1024w, https:\/\/cantinelovetere.fr\/wp-content\/uploads\/2023\/08\/20230713_135039-300x169.jpg 300w, https:\/\/cantinelovetere.fr\/wp-content\/uploads\/2023\/08\/20230713_135039-768x432.jpg 768w, https:\/\/cantinelovetere.fr\/wp-content\/uploads\/2023\/08\/20230713_135039-1536x864.jpg 1536w, https:\/\/cantinelovetere.fr\/wp-content\/uploads\/2023\/08\/20230713_135039-2048x1152.jpg 2048w\" sizes=\"auto, (max-width: 1024px) 100vw, 1024px\" \/><figcaption class=\"wp-element-caption\">Des de Tomate fra\u00eeche \u00e0 Bruschetta, Roquette, Jambon cru San Daniele, Mozzarella di Bufala, Huile d&rsquo;Olive de Sicile <\/figcaption><\/figure>\n<\/div><\/div>\n\n\n\n<div class=\"wp-block-column is-layout-flow wp-block-column-is-layout-flow\">\n<p class=\"has-medium-font-size\"><strong>Nathan<\/strong>   <strong>13,00\u20ac<\/strong><\/p>\n\n\n<div class=\"wp-block-image is-style-rounded\">\n<figure class=\"aligncenter size-large is-resized\"><img loading=\"lazy\" decoding=\"async\" width=\"500\" height=\"375\" src=\"https:\/\/cantinelovetere.fr\/wp-content\/uploads\/2021\/05\/Nathan_small.jpg\" alt=\"\" class=\"wp-image-71\" style=\"width:375px;height:281px\" srcset=\"https:\/\/cantinelovetere.fr\/wp-content\/uploads\/2021\/05\/Nathan_small.jpg 500w, https:\/\/cantinelovetere.fr\/wp-content\/uploads\/2021\/05\/Nathan_small-300x225.jpg 300w\" sizes=\"auto, (max-width: 500px) 100vw, 500px\" \/><figcaption class=\"wp-element-caption\">Mozzarella Fior di Latte, G\u00e9siers, Magret de Canard s\u00e9ch\u00e9 maison, Persillade, Cr\u00e8me de Balsamique, Huile d&rsquo;Olive  extra vierge de Sicile <\/figcaption><\/figure>\n<\/div>\n\n\n<p class=\"has-medium-font-size\"><strong>Delizia   13,00\u20ac<\/strong><\/p>\n\n\n<div class=\"wp-block-image is-style-rounded\">\n<figure class=\"aligncenter size-large is-resized\"><img loading=\"lazy\" decoding=\"async\" width=\"500\" height=\"375\" src=\"https:\/\/cantinelovetere.fr\/wp-content\/uploads\/2021\/05\/Delizia_small.jpg\" alt=\"\" class=\"wp-image-91\" style=\"width:375px;height:281px\" srcset=\"https:\/\/cantinelovetere.fr\/wp-content\/uploads\/2021\/05\/Delizia_small.jpg 500w, https:\/\/cantinelovetere.fr\/wp-content\/uploads\/2021\/05\/Delizia_small-300x225.jpg 300w\" sizes=\"auto, (max-width: 500px) 100vw, 500px\" \/><figcaption class=\"wp-element-caption\">Mozzarella Fior di Latte, Pancetta (ventr\u00e8che italienne), Pommes, Fromage de Vache, Roquette, Cr\u00e8me de Balsamique, Miel<\/figcaption><\/figure>\n<\/div>\n\n\n<p class=\"has-medium-font-size\"><strong>Heidi   13,00\u20ac<\/strong><\/p>\n\n\n<div class=\"wp-block-image is-style-rounded\">\n<figure class=\"aligncenter size-large is-resized\"><img loading=\"lazy\" decoding=\"async\" width=\"500\" height=\"375\" src=\"https:\/\/cantinelovetere.fr\/wp-content\/uploads\/2021\/05\/Heidi_small.jpg\" alt=\"\" class=\"wp-image-92\" style=\"width:375px;height:281px\" srcset=\"https:\/\/cantinelovetere.fr\/wp-content\/uploads\/2021\/05\/Heidi_small.jpg 500w, https:\/\/cantinelovetere.fr\/wp-content\/uploads\/2021\/05\/Heidi_small-300x225.jpg 300w\" sizes=\"auto, (max-width: 500px) 100vw, 500px\" \/><figcaption class=\"wp-element-caption\">Mozzarella Fior di Latte, Fromage de Ch\u00e8vre, Gorgonzola, Fromage de Vache, Origan, Huile d&rsquo;Olive  extra vierge de Sicile <\/figcaption><\/figure>\n<\/div>\n\n\n<p class=\"has-medium-font-size\"><strong>Daniele   14,00\u20ac<\/strong><\/p>\n\n\n<div class=\"wp-block-image is-style-rounded\">\n<figure class=\"aligncenter size-large is-resized\"><img loading=\"lazy\" decoding=\"async\" width=\"500\" height=\"375\" src=\"https:\/\/cantinelovetere.fr\/wp-content\/uploads\/2021\/05\/Daniele_small.jpg\" alt=\"\" class=\"wp-image-95\" style=\"width:375px;height:281px\" srcset=\"https:\/\/cantinelovetere.fr\/wp-content\/uploads\/2021\/05\/Daniele_small.jpg 500w, https:\/\/cantinelovetere.fr\/wp-content\/uploads\/2021\/05\/Daniele_small-300x225.jpg 300w\" sizes=\"auto, (max-width: 500px) 100vw, 500px\" \/><figcaption class=\"wp-element-caption\">Tomate, Mozzarella Fior di Latte, Jambon cru San Daniele, Roquette, Copeaux de Parmesan, Huile d&rsquo;Olive  extra vierge de Sicile <\/figcaption><\/figure>\n<\/div>\n\n\n<p class=\"has-medium-font-size\"><strong>Giuliana   14,00\u20ac<\/strong><\/p>\n\n\n<div class=\"wp-block-image is-style-rounded\">\n<figure class=\"aligncenter size-large is-resized\"><img loading=\"lazy\" decoding=\"async\" width=\"500\" height=\"375\" src=\"https:\/\/cantinelovetere.fr\/wp-content\/uploads\/2021\/05\/Giuliana_small.jpg\" alt=\"\" class=\"wp-image-96\" style=\"width:375px;height:281px\" srcset=\"https:\/\/cantinelovetere.fr\/wp-content\/uploads\/2021\/05\/Giuliana_small.jpg 500w, https:\/\/cantinelovetere.fr\/wp-content\/uploads\/2021\/05\/Giuliana_small-300x225.jpg 300w\" sizes=\"auto, (max-width: 500px) 100vw, 500px\" \/><figcaption class=\"wp-element-caption\">Tomate, Mozzarella Fior di Latte, Courgettes, Champignons, Poivrons, Olives, Tomates s\u00e9ch\u00e9es, Roquette, Caviar d&rsquo;Aubergines, Artichauts, Copeaux de Parmesan, Cr\u00e8me de Balsamique, Huile d&rsquo;Olive  extra vierge de Sicile <\/figcaption><\/figure>\n<\/div>\n\n\n<p class=\"has-medium-font-size\"><strong>Picsou   14,00\u20ac<\/strong><\/p>\n\n\n<div class=\"wp-block-image is-style-rounded\">\n<figure class=\"aligncenter size-large is-resized\"><img loading=\"lazy\" decoding=\"async\" width=\"500\" height=\"375\" src=\"https:\/\/cantinelovetere.fr\/wp-content\/uploads\/2021\/05\/Picsou_small.jpg\" alt=\"\" class=\"wp-image-99\" style=\"width:375px;height:281px\" srcset=\"https:\/\/cantinelovetere.fr\/wp-content\/uploads\/2021\/05\/Picsou_small.jpg 500w, https:\/\/cantinelovetere.fr\/wp-content\/uploads\/2021\/05\/Picsou_small-300x225.jpg 300w\" sizes=\"auto, (max-width: 500px) 100vw, 500px\" \/><figcaption class=\"wp-element-caption\">Tomate, Mozzarella Fior di Latte, Champignons, Persillade, Magret de Canard, Roquette, Cr\u00e8me de Balsamique, Huile d&rsquo;Olive  extra vierge de Sicile <\/figcaption><\/figure>\n<\/div>\n\n\n<p class=\"has-medium-font-size\"><strong>Remi   14,00\u20ac<\/strong><\/p>\n\n\n<div class=\"wp-block-image is-style-rounded\">\n<figure class=\"aligncenter size-large is-resized\"><img loading=\"lazy\" decoding=\"async\" width=\"500\" height=\"375\" src=\"https:\/\/cantinelovetere.fr\/wp-content\/uploads\/2021\/05\/Remi_small.jpg\" alt=\"\" class=\"wp-image-101\" style=\"width:375px;height:281px\" srcset=\"https:\/\/cantinelovetere.fr\/wp-content\/uploads\/2021\/05\/Remi_small.jpg 500w, https:\/\/cantinelovetere.fr\/wp-content\/uploads\/2021\/05\/Remi_small-300x225.jpg 300w\" sizes=\"auto, (max-width: 500px) 100vw, 500px\" \/><figcaption class=\"wp-element-caption\">Tomate, Mozzarella Fior di Latte, Spianata Calabrese (saucisson piquant), Pancetta (ventr\u00e8che italienne), Champignons, \u0152uf, Poivrons, Oignons, Origan, Huile d&rsquo;Olive  extra vierge de Sicile <\/figcaption><\/figure>\n<\/div>\n\n\n<p class=\"has-medium-font-size\"><strong>Carla   14,00\u20ac<\/strong><\/p>\n\n\n<div class=\"wp-block-image is-style-rounded\">\n<figure class=\"aligncenter size-large is-resized\"><img loading=\"lazy\" decoding=\"async\" width=\"500\" height=\"375\" src=\"https:\/\/cantinelovetere.fr\/wp-content\/uploads\/2021\/05\/Carla_small.jpg\" alt=\"\" class=\"wp-image-103\" style=\"width:375px;height:281px\" srcset=\"https:\/\/cantinelovetere.fr\/wp-content\/uploads\/2021\/05\/Carla_small.jpg 500w, https:\/\/cantinelovetere.fr\/wp-content\/uploads\/2021\/05\/Carla_small-300x225.jpg 300w\" sizes=\"auto, (max-width: 500px) 100vw, 500px\" \/><figcaption class=\"wp-element-caption\">Mozzarella Fior di Latte, Fromage de Ch\u00e8vre, Champignons, Jambon cru San Daniele, Origan, Huile d\u2019Olive  extra vierge de Sicile <\/figcaption><\/figure>\n<\/div>\n\n\n<p class=\"has-medium-font-size\"><strong>Lo Vetere   15,00\u20ac<\/strong><\/p>\n\n\n<div class=\"wp-block-image is-style-rounded\">\n<figure class=\"aligncenter size-large is-resized\"><img loading=\"lazy\" decoding=\"async\" width=\"500\" height=\"375\" src=\"https:\/\/cantinelovetere.fr\/wp-content\/uploads\/2021\/05\/Lo-Vetere_small.jpg\" alt=\"\" class=\"wp-image-105\" style=\"width:375px;height:281px\" srcset=\"https:\/\/cantinelovetere.fr\/wp-content\/uploads\/2021\/05\/Lo-Vetere_small.jpg 500w, https:\/\/cantinelovetere.fr\/wp-content\/uploads\/2021\/05\/Lo-Vetere_small-300x225.jpg 300w\" sizes=\"auto, (max-width: 500px) 100vw, 500px\" \/><figcaption class=\"wp-element-caption\">Mozzarella Fior di Latte, Burrata, Mortadella, P\u00e9pites de Pistache, Huile d&rsquo;Olive  extra vierge de Sicile <\/figcaption><\/figure>\n<\/div>\n\n\n<p class=\"has-medium-font-size\"><strong>Bill   15,00\u20ac<\/strong><\/p>\n\n\n<div class=\"wp-block-image is-style-rounded\">\n<figure class=\"aligncenter size-large is-resized\"><img loading=\"lazy\" decoding=\"async\" width=\"500\" height=\"375\" src=\"https:\/\/cantinelovetere.fr\/wp-content\/uploads\/2021\/05\/Bill_small.jpg\" alt=\"\" class=\"wp-image-106\" style=\"width:375px;height:281px\" srcset=\"https:\/\/cantinelovetere.fr\/wp-content\/uploads\/2021\/05\/Bill_small.jpg 500w, https:\/\/cantinelovetere.fr\/wp-content\/uploads\/2021\/05\/Bill_small-300x225.jpg 300w\" sizes=\"auto, (max-width: 500px) 100vw, 500px\" \/><figcaption class=\"wp-element-caption\">Mozzarella di Bufala, Mozzarella Fior di Latte, Jambon cru San Daniele, Tomates cerise, Roquette, Copeaux de Parmesan, Huile d&rsquo;Olive  extra vierge de Sicile <\/figcaption><\/figure>\n<\/div>\n\n\n<p class=\"has-medium-font-size\"><strong>Riccardo   16,00\u20ac<\/strong><\/p>\n\n\n<div class=\"wp-block-image is-style-rounded\">\n<figure class=\"aligncenter size-large is-resized\"><img loading=\"lazy\" decoding=\"async\" width=\"1024\" height=\"749\" src=\"https:\/\/cantinelovetere.fr\/wp-content\/uploads\/2023\/08\/IMG-20230813-WA0001-1024x749.jpg\" alt=\"\" class=\"wp-image-532\" style=\"width:375px;height:281px\" srcset=\"https:\/\/cantinelovetere.fr\/wp-content\/uploads\/2023\/08\/IMG-20230813-WA0001-1024x749.jpg 1024w, https:\/\/cantinelovetere.fr\/wp-content\/uploads\/2023\/08\/IMG-20230813-WA0001-300x219.jpg 300w, https:\/\/cantinelovetere.fr\/wp-content\/uploads\/2023\/08\/IMG-20230813-WA0001-768x562.jpg 768w, https:\/\/cantinelovetere.fr\/wp-content\/uploads\/2023\/08\/IMG-20230813-WA0001.jpg 1064w\" sizes=\"auto, (max-width: 1024px) 100vw, 1024px\" \/><figcaption class=\"wp-element-caption\">Tomate, Mozzarella Fior di Latte, C\u00e8pes, Saucisse, Friarielli, Huile d&rsquo;Olive \u00e0 la Truffe <\/figcaption><\/figure>\n<\/div>\n\n\n<p class=\"has-medium-font-size\"><strong>Rosalia   20,00\u20ac<\/strong><\/p>\n\n\n<div class=\"wp-block-image is-style-rounded\">\n<figure class=\"aligncenter size-large\"><img loading=\"lazy\" decoding=\"async\" width=\"1024\" height=\"576\" src=\"https:\/\/cantinelovetere.fr\/wp-content\/uploads\/2023\/08\/20230801_194534-1024x576.jpg\" alt=\"\" class=\"wp-image-528\" srcset=\"https:\/\/cantinelovetere.fr\/wp-content\/uploads\/2023\/08\/20230801_194534-1024x576.jpg 1024w, https:\/\/cantinelovetere.fr\/wp-content\/uploads\/2023\/08\/20230801_194534-300x169.jpg 300w, https:\/\/cantinelovetere.fr\/wp-content\/uploads\/2023\/08\/20230801_194534-768x432.jpg 768w, https:\/\/cantinelovetere.fr\/wp-content\/uploads\/2023\/08\/20230801_194534-1536x864.jpg 1536w, https:\/\/cantinelovetere.fr\/wp-content\/uploads\/2023\/08\/20230801_194534-2048x1152.jpg 2048w\" sizes=\"auto, (max-width: 1024px) 100vw, 1024px\" \/><figcaption class=\"wp-element-caption\">Mozzarella Fior di Latte, Truffe blanche (Tuber Magnatum Pico), Tomates Cerise, Huile d&rsquo;Olive de Sicile <\/figcaption><\/figure>\n<\/div><\/div>\n<\/div>\n<\/div><\/div>\n\n\n\n<p><\/p>\n","protected":false},"excerpt":{"rendered":"<p>Choisissez votre p\u00e2te \u00e0 pizza&nbsp;: CLASSIQUE ou aux GRAINES Margherita 9,00\u20ac Giuseppe 11,00\u20ac Lucifer 11,00\u20ac Elsa 12,00\u20ac Maya 12,00\u20ac Calzone 13,00\u20ac Caterina 13,00\u20ac Ariel 12,00\u20ac Emmanuel 13,00\u20ac Veronica 13,00\u20ac Lou 14,00\u20ac Angelica 15,00\u20ac Nathan 13,00\u20ac Delizia 13,00\u20ac Heidi 13,00\u20ac Daniele 14,00\u20ac Giuliana 14,00\u20ac Picsou 14,00\u20ac Remi 14,00\u20ac Carla 14,00\u20ac Lo Vetere 15,00\u20ac Bill 15,00\u20ac Riccardo [&hellip;]<\/p>\n","protected":false},"author":1,"featured_media":0,"parent":0,"menu_order":0,"comment_status":"closed","ping_status":"closed","template":"","meta":{"om_disable_all_campaigns":false,"_monsterinsights_skip_tracking":false,"_monsterinsights_sitenote_active":false,"_monsterinsights_sitenote_note":"","_monsterinsights_sitenote_category":0,"footnotes":""},"class_list":["post-2","page","type-page","status-publish","hentry"],"aioseo_notices":[],"jetpack_sharing_enabled":true,"_links":{"self":[{"href":"https:\/\/cantinelovetere.fr\/index.php\/wp-json\/wp\/v2\/pages\/2","targetHints":{"allow":["GET"]}}],"collection":[{"href":"https:\/\/cantinelovetere.fr\/index.php\/wp-json\/wp\/v2\/pages"}],"about":[{"href":"https:\/\/cantinelovetere.fr\/index.php\/wp-json\/wp\/v2\/types\/page"}],"author":[{"embeddable":true,"href":"https:\/\/cantinelovetere.fr\/index.php\/wp-json\/wp\/v2\/users\/1"}],"replies":[{"embeddable":true,"href":"https:\/\/cantinelovetere.fr\/index.php\/wp-json\/wp\/v2\/comments?post=2"}],"version-history":[{"count":29,"href":"https:\/\/cantinelovetere.fr\/index.php\/wp-json\/wp\/v2\/pages\/2\/revisions"}],"predecessor-version":[{"id":619,"href":"https:\/\/cantinelovetere.fr\/index.php\/wp-json\/wp\/v2\/pages\/2\/revisions\/619"}],"wp:attachment":[{"href":"https:\/\/cantinelovetere.fr\/index.php\/wp-json\/wp\/v2\/media?parent=2"}],"curies":[{"name":"wp","href":"https:\/\/api.w.org\/{rel}","templated":true}]}}