{"id":16,"date":"2021-05-10T22:39:22","date_gmt":"2021-05-10T20:39:22","guid":{"rendered":"https:\/\/cantinelovetere.fr\/?page_id=16"},"modified":"2025-08-31T23:55:32","modified_gmt":"2025-08-31T21:55:32","slug":"contact","status":"publish","type":"page","link":"https:\/\/cantinelovetere.fr\/index.php\/contact\/","title":{"rendered":"Contact"},"content":{"rendered":"\n<div class=\"wp-block-group\"><div class=\"wp-block-group__inner-container is-layout-flow wp-block-group-is-layout-flow\">\n<div class=\"wp-block-columns is-layout-flex wp-container-core-columns-is-layout-9d6595d7 wp-block-columns-is-layout-flex\">\n<div class=\"wp-block-column is-layout-flow wp-block-column-is-layout-flow\">\n<p style=\"font-size:18px\"><strong>Cantine Lo Vetere<\/strong><\/p>\n\n\n\n<p>41 Avenue des Pyr\u00e9n\u00e9es<\/p>\n\n\n\n<p>65100 Ad\u00e9<\/p>\n\n\n\n<p>+33 (0) 5 62 55 18 79<\/p>\n<\/div>\n\n\n\n<div class=\"wp-block-column is-layout-flow wp-block-column-is-layout-flow\">\n<p><\/p>\n\n\n\n<p>du mardi au samedi 12h-14h \/ 19h-22h<\/p>\n\n\n\n<p>Ferm\u00e9 le dimanche et lundi<\/p>\n\n\n\n<p>contact@cantinelovetere.fr<\/p>\n<\/div>\n<\/div>\n<\/div><\/div>\n\n\n\n<p><\/p>\n","protected":false},"excerpt":{"rendered":"<p>Cantine Lo Vetere 41 Avenue des Pyr\u00e9n\u00e9es 65100 Ad\u00e9 +33 (0) 5 62 55 18 79 du mardi au samedi 12h-14h \/ 19h-22h Ferm\u00e9 le dimanche et lundi contact@cantinelovetere.fr<\/p>\n","protected":false},"author":1,"featured_media":0,"parent":0,"menu_order":0,"comment_status":"closed","ping_status":"closed","template":"","meta":{"om_disable_all_campaigns":false,"_monsterinsights_skip_tracking":false,"_monsterinsights_sitenote_active":false,"_monsterinsights_sitenote_note":"","_monsterinsights_sitenote_category":0,"footnotes":""},"class_list":["post-16","page","type-page","status-publish","hentry"],"aioseo_notices":[],"jetpack_sharing_enabled":true,"_links":{"self":[{"href":"https:\/\/cantinelovetere.fr\/index.php\/wp-json\/wp\/v2\/pages\/16","targetHints":{"allow":["GET"]}}],"collection":[{"href":"https:\/\/cantinelovetere.fr\/index.php\/wp-json\/wp\/v2\/pages"}],"about":[{"href":"https:\/\/cantinelovetere.fr\/index.php\/wp-json\/wp\/v2\/types\/page"}],"author":[{"embeddable":true,"href":"https:\/\/cantinelovetere.fr\/index.php\/wp-json\/wp\/v2\/users\/1"}],"replies":[{"embeddable":true,"href":"https:\/\/cantinelovetere.fr\/index.php\/wp-json\/wp\/v2\/comments?post=16"}],"version-history":[{"count":8,"href":"https:\/\/cantinelovetere.fr\/index.php\/wp-json\/wp\/v2\/pages\/16\/revisions"}],"predecessor-version":[{"id":640,"href":"https:\/\/cantinelovetere.fr\/index.php\/wp-json\/wp\/v2\/pages\/16\/revisions\/640"}],"wp:attachment":[{"href":"https:\/\/cantinelovetere.fr\/index.php\/wp-json\/wp\/v2\/media?parent=16"}],"curies":[{"name":"wp","href":"https:\/\/api.w.org\/{rel}","templated":true}]}}