{"id":14,"date":"2021-05-10T22:39:22","date_gmt":"2021-05-10T20:39:22","guid":{"rendered":"https:\/\/cantinelovetere.fr\/?page_id=14"},"modified":"2023-01-12T02:39:37","modified_gmt":"2023-01-12T01:39:37","slug":"restaurant-pizzeria-hotel","status":"publish","type":"page","link":"https:\/\/cantinelovetere.fr\/","title":{"rendered":"Cantine Lo Vetere <br>Restaurant Pizzeria Hotel"},"content":{"rendered":"\n<h2 class=\"has-text-align-wide alignwide has-gigantic-font-size wp-block-heading\" style=\"line-height:1.1\">Votre coin d&rsquo;Italie<\/h2>\n\n\n\n<p class=\"has-text-align-center has-vivid-red-color has-text-color has-large-font-size\"><strong>Depuis le 9 juin 2021<\/strong><\/p>\n\n\n\n<div class=\"wp-block-columns alignwide are-vertically-aligned-center is-style-twentytwentyone-columns-overlap is-layout-flex wp-container-core-columns-is-layout-9d6595d7 wp-block-columns-is-layout-flex\">\n<div class=\"wp-block-column is-vertically-aligned-center is-layout-flow wp-block-column-is-layout-flow\">\n<figure class=\"wp-block-image alignfull size-large\"><img loading=\"lazy\" decoding=\"async\" width=\"1024\" height=\"576\" src=\"https:\/\/cantinelovetere.fr\/wp-content\/uploads\/2021\/05\/11210043-1024x576.jpg\" alt=\"\" class=\"wp-image-79\" srcset=\"https:\/\/cantinelovetere.fr\/wp-content\/uploads\/2021\/05\/11210043-1024x576.jpg 1024w, https:\/\/cantinelovetere.fr\/wp-content\/uploads\/2021\/05\/11210043-300x169.jpg 300w, https:\/\/cantinelovetere.fr\/wp-content\/uploads\/2021\/05\/11210043-768x432.jpg 768w, https:\/\/cantinelovetere.fr\/wp-content\/uploads\/2021\/05\/11210043-1536x864.jpg 1536w, https:\/\/cantinelovetere.fr\/wp-content\/uploads\/2021\/05\/11210043-2048x1152.jpg 2048w\" sizes=\"auto, (max-width: 1024px) 100vw, 1024px\" \/><\/figure>\n\n\n\n<p><strong>Cristian et Magali<\/strong> ont le plaisir de vous accueillir dans leur Restaurant Pizzeria \u00e0 Ad\u00e9, o\u00f9 vous pourrez voyager \u00e0 travers les saveurs de la cuisine italienne ou vous laisser tenter par une vrai pizza italienne.<\/p>\n\n\n\n<figure class=\"wp-block-image alignfull size-large is-style-twentytwentyone-image-frame\"><img decoding=\"async\" src=\"http:\/\/cantinelovetere.fr\/wp-content\/uploads\/2021\/05\/20210517_204247.jpg\" alt=\"\" class=\"wp-image-83\"\/><\/figure>\n<\/div>\n\n\n\n<div class=\"wp-block-column is-vertically-aligned-center is-layout-flow wp-block-column-is-layout-flow\">\n<figure class=\"wp-block-image size-large alignfull size-full is-style-twentytwentyone-border\"><img decoding=\"async\" src=\"http:\/\/cantinelovetere.fr\/wp-content\/uploads\/2021\/05\/20210517_203939.jpg\" alt=\"\" class=\"wp-image-81\"\/><\/figure>\n\n\n\n<div style=\"height:100px\" aria-hidden=\"true\" class=\"wp-block-spacer\"><\/div>\n<\/div>\n<\/div>\n\n\n\n<p><\/p>\n","protected":false},"excerpt":{"rendered":"<p>Votre coin d&rsquo;Italie Depuis le 9 juin 2021 Cristian et Magali ont le plaisir de vous accueillir dans leur Restaurant Pizzeria \u00e0 Ad\u00e9, o\u00f9 vous pourrez voyager \u00e0 travers les saveurs de la cuisine italienne ou vous laisser tenter par une vrai pizza italienne.<\/p>\n","protected":false},"author":1,"featured_media":0,"parent":0,"menu_order":0,"comment_status":"closed","ping_status":"closed","template":"","meta":{"om_disable_all_campaigns":false,"_monsterinsights_skip_tracking":false,"_monsterinsights_sitenote_active":false,"_monsterinsights_sitenote_note":"","_monsterinsights_sitenote_category":0,"footnotes":""},"class_list":["post-14","page","type-page","status-publish","hentry"],"aioseo_notices":[],"jetpack_sharing_enabled":true,"_links":{"self":[{"href":"https:\/\/cantinelovetere.fr\/index.php\/wp-json\/wp\/v2\/pages\/14","targetHints":{"allow":["GET"]}}],"collection":[{"href":"https:\/\/cantinelovetere.fr\/index.php\/wp-json\/wp\/v2\/pages"}],"about":[{"href":"https:\/\/cantinelovetere.fr\/index.php\/wp-json\/wp\/v2\/types\/page"}],"author":[{"embeddable":true,"href":"https:\/\/cantinelovetere.fr\/index.php\/wp-json\/wp\/v2\/users\/1"}],"replies":[{"embeddable":true,"href":"https:\/\/cantinelovetere.fr\/index.php\/wp-json\/wp\/v2\/comments?post=14"}],"version-history":[{"count":17,"href":"https:\/\/cantinelovetere.fr\/index.php\/wp-json\/wp\/v2\/pages\/14\/revisions"}],"predecessor-version":[{"id":424,"href":"https:\/\/cantinelovetere.fr\/index.php\/wp-json\/wp\/v2\/pages\/14\/revisions\/424"}],"wp:attachment":[{"href":"https:\/\/cantinelovetere.fr\/index.php\/wp-json\/wp\/v2\/media?parent=14"}],"curies":[{"name":"wp","href":"https:\/\/api.w.org\/{rel}","templated":true}]}}