{"id":126,"date":"2021-05-19T09:45:06","date_gmt":"2021-05-19T07:45:06","guid":{"rendered":"https:\/\/cantinelovetere.fr\/?page_id=126"},"modified":"2025-10-15T00:45:56","modified_gmt":"2025-10-14T22:45:56","slug":"la-carte","status":"publish","type":"page","link":"https:\/\/cantinelovetere.fr\/index.php\/la-carte\/","title":{"rendered":"La Carte"},"content":{"rendered":"\n<div class=\"wp-block-group\"><div class=\"wp-block-group__inner-container is-layout-flow wp-block-group-is-layout-flow\">\n<div class=\"wp-block-columns is-layout-flex wp-container-core-columns-is-layout-9d6595d7 wp-block-columns-is-layout-flex\">\n<div class=\"wp-block-column is-layout-flow wp-block-column-is-layout-flow\">\n<div class=\"wp-block-buttons is-layout-flex wp-block-buttons-is-layout-flex\">\n<div class=\"wp-block-button\"><a class=\"wp-block-button__link has-vivid-red-background-color has-background wp-element-button\" href=\"https:\/\/cantinelovetere.fr\/index.php\/les-menus\/\">Les Menus<\/a><\/div>\n<\/div>\n<\/div>\n\n\n\n<div class=\"wp-block-column is-layout-flow wp-block-column-is-layout-flow\">\n<div class=\"wp-block-buttons is-horizontal is-content-justification-right is-layout-flex wp-container-core-buttons-is-layout-ae2fe186 wp-block-buttons-is-layout-flex\">\n<div class=\"wp-block-button\"><a class=\"wp-block-button__link has-vivid-red-background-color has-background wp-element-button\" href=\"https:\/\/cantinelovetere.fr\/index.php\/les-boissons\/\">Les Boissons<\/a><\/div>\n<\/div>\n<\/div>\n<\/div>\n<\/div><\/div>\n\n\n\n<p class=\"has-vivid-red-color has-text-color has-large-font-size\"><strong>Les Entr\u00e9es<\/strong><\/p>\n\n\n\n<p><strong class=\"has-medium-font-size\">Fougasse au Sel, Origan et Huile d\u2019Olive de Sicile<\/strong> &#8230;&#8230;&#8230;. <strong class=\"has-medium-font-size\">4,00 \u20ac<\/strong><\/p>\n\n\n\n<p><strong class=\"has-medium-font-size\">Arancino Sicilien<\/strong> &#8230;&#8230;&#8230;. <strong class=\"has-medium-font-size\">6,00 \u20ac<\/strong><\/p>\n\n\n\n<p class=\"has-small-font-size\"><strong class=\"has-medium-font-size\">Les 12 Escargots de Bourgogne<\/strong> &#8230;&#8230;&#8230;. <strong class=\"has-medium-font-size\">12,00 \u20ac<\/strong><\/p>\n\n\n\n<p class=\"has-small-font-size\"><strong class=\"has-medium-font-size\">Carpaccio de B\u0153uf<\/strong> &#8230;&#8230;&#8230;. <strong class=\"has-medium-font-size\">13,50 \u20ac<\/strong><\/p>\n\n\n\n<p class=\"has-small-font-size\"><strong class=\"has-medium-font-size\">Aubergines \u00e0 la Parmigiana<\/strong> &#8230;&#8230;&#8230;. <strong class=\"has-medium-font-size\">14,00 \u20ac<\/strong><\/p>\n\n\n\n<p class=\"has-small-font-size\"><strong class=\"has-medium-font-size\">Camembert au four et ses Grissini maison<\/strong> &#8230;&#8230;&#8230;. <strong class=\"has-medium-font-size\">12,00 \u20ac<\/strong><\/p>\n\n\n\n<p class=\"has-small-font-size\"><strong class=\"has-medium-font-size\">Salade de Ch\u00e8vre chaud en feuille de brick<\/strong> &#8230;&#8230;&#8230;. <strong class=\"has-medium-font-size\">15,00 \u20ac<\/strong><\/p>\n\n\n\n<p><strong class=\"has-medium-font-size\">Tartare de Truite des Pyr\u00e9n\u00e9es et Bufala<\/strong> &#8230;&#8230;&#8230;. <strong class=\"has-medium-font-size\">15,50 \u20ac<\/strong><\/p>\n\n\n\n<p class=\"has-small-font-size\"><strong class=\"has-medium-font-size\">Plancha d\u2019Antipasti Italiens<\/strong> (pour 2 personnes) &#8230;&#8230;&#8230;. <strong class=\"has-medium-font-size\">20,00 \u20ac<\/strong><br>(Arancino, Charcuterie Italienne et Fromages Siciliens)<\/p>\n\n\n\n<p class=\"has-text-align-right has-vivid-red-color has-text-color has-large-font-size\"><strong>Les P\u00e2tes<\/strong><\/p>\n\n\n\n<p class=\"has-text-align-right\"><strong class=\"has-medium-font-size\">Spaghetti \u00e0 l&rsquo;Ail<\/strong> &#8230;&#8230;&#8230;. <strong class=\"has-medium-font-size\">12,00 \u20ac<\/strong><\/p>\n\n\n\n<p class=\"has-text-align-right\"><strong class=\"has-medium-font-size\">Lasagne \u00e0 la Bolognaise<\/strong> &#8230;&#8230;&#8230;. <strong class=\"has-medium-font-size\">15,00 \u20ac<\/strong><\/p>\n\n\n\n<p class=\"has-text-align-right has-small-font-size\"><strong class=\"has-medium-font-size\">Spaghetti alla Carbonara<\/strong> &#8230;&#8230;&#8230;. <strong class=\"has-medium-font-size\">15,00 \u20ac<\/strong><br>(Spaghetti avec Guanciale croustillante, \u0152ufs et Pecorino)<\/p>\n\n\n\n<p class=\"has-text-align-right has-small-font-size\"><strong class=\"has-medium-font-size\">Spaghetti all\u2019Amatriciana<\/strong> &#8230;&#8230;&#8230;. <strong class=\"has-medium-font-size\">15,00 \u20ac<\/strong><br>(Bucatini avec Guanciale, Poivre noir, Pecorino et Tomates cerises)<\/p>\n\n\n\n<p class=\"has-text-align-right\"><strong class=\"has-medium-font-size\">Gnocchi Gorgonzola et Noix<\/strong> &#8230;&#8230;&#8230;. <strong class=\"has-medium-font-size\">16,00 \u20ac<\/strong><\/p>\n\n\n\n<p class=\"has-text-align-right has-small-font-size\"><strong class=\"has-medium-font-size\">Linguine aux Courgettes et Crevettes<\/strong> &#8230;&#8230;&#8230;. <strong class=\"has-medium-font-size\">17,00 \u20ac<\/strong><\/p>\n\n\n\n<p class=\"has-text-align-right\"><strong class=\"has-medium-font-size\">Linguine aux Fruits de Mer<\/strong> &#8230;&#8230;&#8230;. <strong class=\"has-medium-font-size\">18,00 \u20ac<\/strong><\/p>\n\n\n\n<p class=\"has-text-align-right\"><strong class=\"has-medium-font-size\">Tagliatelle \u00e0 la Truffe noire et C\u00e8pes<\/strong> &#8230;&#8230;&#8230;. <strong class=\"has-medium-font-size\">20,00 \u20ac<\/strong><\/p>\n\n\n\n<p class=\"has-vivid-red-color has-text-color has-large-font-size\"><strong>Les Plats<\/strong><\/p>\n\n\n\n<p class=\"has-text-align-left has-small-font-size\"><strong class=\"has-medium-font-size\"><strong class=\"has-medium-font-size\"><strong class=\"has-medium-font-size\">Saltimbocca alla Romana<\/strong><\/strong><\/strong> &#8230;&#8230;&#8230;. <strong class=\"has-medium-font-size\">17,00 \u20ac<\/strong><br>(Escalope de Veau avec Jambon cru San Daniele, Sauge et Vin blanc)<\/p>\n\n\n\n<p class=\"has-small-font-size\"><strong class=\"has-medium-font-size\">Escalope Milanaise<\/strong> &#8230;&#8230;&#8230;. <strong class=\"has-medium-font-size\">16,00 \u20ac<\/strong><\/p>\n\n\n\n<p class=\"has-text-align-left has-small-font-size\"><strong class=\"has-medium-font-size\"><strong class=\"has-medium-font-size\"><strong class=\"has-medium-font-size\"><strong class=\"has-medium-font-size\">Pav\u00e9 de Truite des Pyr\u00e9n\u00e9es \u00e0 basse temp\u00e9rature<\/strong><\/strong><\/strong><\/strong> &#8230;&#8230;&#8230;. <strong class=\"has-medium-font-size\">16,00 \u20ac<\/strong><br>(Pav\u00e9 de Truite, Tomates cerise, Laurier, Citron et Vin blanc)<\/p>\n\n\n\n<p class=\"has-text-align-left has-small-font-size\"><strong class=\"has-medium-font-size\"><strong class=\"has-medium-font-size\"><strong class=\"has-medium-font-size\">Fritto Misto avec Frites<\/strong><\/strong><\/strong> &#8230;&#8230;&#8230;. <strong class=\"has-medium-font-size\">19,00 \u20ac<\/strong><br>(Calamars, Eperlans, Crevettes, Gambas)<\/p>\n\n\n\n<p class=\"has-text-align-left has-small-font-size\"><strong class=\"has-medium-font-size\"><strong class=\"has-medium-font-size\">Burger 100% maison d&rsquo;Angus et Bufala<\/strong><\/strong> &#8230;&#8230;&#8230;. <strong class=\"has-medium-font-size\">16,00 \u20ac<\/strong><br>(Pain maison, Steak hach\u00e9 maison d\u2019Angus, Roquette, Ventreche, Aubergine frite, Mozzarella di Bufala)<\/p>\n\n\n\n<p class=\"has-text-align-left has-small-font-size\"><strong class=\"has-medium-font-size\"><strong class=\"has-medium-font-size\">Burger 100% maison au Poisson<\/strong><\/strong> &#8230;&#8230;&#8230;. <strong class=\"has-medium-font-size\">16,00 \u20ac<\/strong><br>(Pain maison, Truite des Pyr\u00e9n\u00e9es, Merlu, Roquette, L\u00e9gumes, Sauce A\u00efoli)<\/p>\n\n\n\n<p class=\"has-text-align-right has-vivid-red-color has-text-color has-large-font-size\"><strong>Les Dessert<\/strong><\/p>\n\n\n\n<p class=\"has-text-align-right has-medium-font-size\"><strong>Tiramisu<\/strong> &#8230;&#8230;&#8230;. <strong>7,00 \u20ac<\/strong><\/p>\n\n\n\n<p class=\"has-text-align-right\"><strong class=\"has-medium-font-size\">Fondant au Chocolat et sa boule de glace Vanille<\/strong> &#8230;&#8230;&#8230;. <strong class=\"has-medium-font-size\">7,00 \u20ac<\/strong><\/p>\n\n\n\n<p class=\"has-text-align-right\"><strong class=\"has-medium-font-size\">Panna cotta&nbsp;( Nutella ou Pistache )<\/strong> &#8230;&#8230;&#8230;. <strong class=\"has-medium-font-size\">7,00 \u20ac<\/strong><\/p>\n\n\n\n<p class=\"has-text-align-right has-medium-font-size\"><strong>Cr\u00e8me brul\u00e9e \u00e0 la Vanille<\/strong> &#8230;&#8230;&#8230;. <strong>7,00 \u20ac<\/strong><\/p>\n\n\n\n<p class=\"has-text-align-right has-medium-font-size\"><strong>Caf\u00e9 gourmand <\/strong>&#8230;&#8230;&#8230; <strong>10,00 \u20ac<\/strong><\/p>\n\n\n\n<p class=\"has-text-align-right has-medium-font-size\"><strong>Duo de Cannoli <strong>de la Zia Franca<\/strong><\/strong> <strong>\u00e0 la Ricotta et \u00e0 la Cr\u00e8me<\/strong> &#8230;&#8230;&#8230; <strong>7,00 \u20ac<\/strong><\/p>\n\n\n\n<p class=\"has-text-align-right\"><strong class=\"has-medium-font-size\">Calzone Nutella<\/strong> &#8230;&#8230;&#8230; <strong class=\"has-medium-font-size\">9,00 \u20ac<\/strong><\/p>\n\n\n\n<p class=\"has-text-align-right\"><strong class=\"has-medium-font-size\">Doppio Panuzzu : Nutella et Cr\u00e8me de pistache<\/strong> &#8230;&#8230;&#8230; <strong class=\"has-medium-font-size\">10,00 \u20ac<\/strong><\/p>\n\n\n\n<p class=\"has-text-align-right\"><strong class=\"has-medium-font-size\">Coupe de Glace (2 boules)<\/strong> &#8230;&#8230;&#8230;. <strong class=\"has-medium-font-size\">5,00 \u20ac<\/strong><br>(Vanille, Chocolat, Fraise, Caf\u00e9, Banane, Rhum-Raisins, Menthe-Chocolat, Citron, Framboise, Pistache, Poire, Fruit de la Passion, Mangue, \u00ab\u00a0Nuty\u00a0\u00bb Chocolat-Noisette, Straccaiatella, Amarena, Citron-Basilic, Melon)<\/p>\n","protected":false},"excerpt":{"rendered":"<p>Les Entr\u00e9es Fougasse au Sel, Origan et Huile d\u2019Olive de Sicile &#8230;&#8230;&#8230;. 4,00 \u20ac Arancino Sicilien &#8230;&#8230;&#8230;. 6,00 \u20ac Les 12 Escargots de Bourgogne &#8230;&#8230;&#8230;. 12,00 \u20ac Carpaccio de B\u0153uf &#8230;&#8230;&#8230;. 13,50 \u20ac Aubergines \u00e0 la Parmigiana &#8230;&#8230;&#8230;. 14,00 \u20ac Camembert au four et ses Grissini maison &#8230;&#8230;&#8230;. 12,00 \u20ac Salade de Ch\u00e8vre chaud en [&hellip;]<\/p>\n","protected":false},"author":1,"featured_media":0,"parent":0,"menu_order":0,"comment_status":"closed","ping_status":"closed","template":"","meta":{"om_disable_all_campaigns":false,"_monsterinsights_skip_tracking":false,"_monsterinsights_sitenote_active":false,"_monsterinsights_sitenote_note":"","_monsterinsights_sitenote_category":0,"footnotes":""},"class_list":["post-126","page","type-page","status-publish","hentry"],"aioseo_notices":[],"jetpack_sharing_enabled":true,"_links":{"self":[{"href":"https:\/\/cantinelovetere.fr\/index.php\/wp-json\/wp\/v2\/pages\/126","targetHints":{"allow":["GET"]}}],"collection":[{"href":"https:\/\/cantinelovetere.fr\/index.php\/wp-json\/wp\/v2\/pages"}],"about":[{"href":"https:\/\/cantinelovetere.fr\/index.php\/wp-json\/wp\/v2\/types\/page"}],"author":[{"embeddable":true,"href":"https:\/\/cantinelovetere.fr\/index.php\/wp-json\/wp\/v2\/users\/1"}],"replies":[{"embeddable":true,"href":"https:\/\/cantinelovetere.fr\/index.php\/wp-json\/wp\/v2\/comments?post=126"}],"version-history":[{"count":95,"href":"https:\/\/cantinelovetere.fr\/index.php\/wp-json\/wp\/v2\/pages\/126\/revisions"}],"predecessor-version":[{"id":645,"href":"https:\/\/cantinelovetere.fr\/index.php\/wp-json\/wp\/v2\/pages\/126\/revisions\/645"}],"wp:attachment":[{"href":"https:\/\/cantinelovetere.fr\/index.php\/wp-json\/wp\/v2\/media?parent=126"}],"curies":[{"name":"wp","href":"https:\/\/api.w.org\/{rel}","templated":true}]}}